{"id":94,"date":"2016-08-10T16:26:49","date_gmt":"2016-08-10T14:26:49","guid":{"rendered":"https:\/\/wirtschaftsdemokratie.ch\/fr\/aktuelles\/"},"modified":"2020-05-08T07:42:17","modified_gmt":"2020-05-08T05:42:17","slug":"nouvelles","status":"publish","type":"page","link":"https:\/\/wirtschaftsdemokratie.ch\/fr\/nouvelles\/","title":{"rendered":"Nouvelles"},"content":{"rendered":"<div id=\"pl-94\"  class=\"panel-layout\" ><div id=\"pg-94-0\"  class=\"panel-grid panel-no-style\" ><div id=\"pgc-94-0-0\"  class=\"panel-grid-cell panel-grid-cell-empty\" ><\/div><div id=\"pgc-94-0-1\"  class=\"panel-grid-cell panel-grid-cell-mobile-last\" ><div id=\"panel-94-0-1-0\" class=\"so-panel widget widget_sow-headline panel-first-child panel-last-child\" data-index=\"0\" ><div class=\"panel-widget-style panel-widget-style-for-94-0-1-0\" ><div\n\t\t\t\n\t\t\tclass=\"so-widget-sow-headline so-widget-sow-headline-default-ea0af4cf39ae-94\"\n\t\t\t\n\t\t><div class=\"sow-headline-container \">\n\t\t\t\t\t\t\t<h1 class=\"sow-headline\">\n\t\t\t\t\t\tNouvelles\t\t\t\t\t\t<\/h1>\n\t\t\t\t\t\t\t\t\t\t\t<div class=\"decoration\">\n\t\t\t\t\t\t<div class=\"decoration-inside\"><\/div>\n\t\t\t\t\t<\/div>\n\t\t\t\t\t<\/div>\n<\/div><\/div><\/div><\/div><div id=\"pgc-94-0-2\"  class=\"panel-grid-cell panel-grid-cell-empty\" ><\/div><\/div><div id=\"pg-94-1\"  class=\"panel-grid panel-no-style\" ><div id=\"pgc-94-1-0\"  class=\"panel-grid-cell\" ><div id=\"panel-94-1-0-0\" class=\"so-panel widget widget_ttrust_blog create-blog panel-first-child panel-last-child\" data-index=\"1\" >\t\t\t\t<div id=\"widget-1-0-0\" class=\"blog clear grid col-3 alignment-left\">\n\n\t\t\t\t\t\t\t\t\t\t\n\t\t<article class=\"small post-661 post type-post status-publish format-standard has-post-thumbnail hentry category-non-classifiee\">\n\t\t\t<div class=\"inside\">\n\t\t\t\t\t\t\n\t\t\t\t<a href=\"https:\/\/wirtschaftsdemokratie.ch\/fr\/le-coronavirus-et-lavenir-du-vivre-ensemble-etendre-les-services-de-base-renforcer-la-democratie\/\" rel=\"bookmark\" class=\"post-thumb\"><img loading=\"lazy\" decoding=\"async\" width=\"655\" height=\"368\" src=\"https:\/\/wirtschaftsdemokratie.ch\/wp-content\/uploads\/sites\/76\/2020\/04\/corona_symbolbild.jpg\" class=\" wp-post-image\" alt=\"LE CORONAVIRUS ET L\u2019AVENIR DU VIVRE-ENSEMBLE : \u00c9TENDRE LES SERVICES DE BASE, RENFORCER LA D\u00c9MOCRATIE !\" title=\"LE CORONAVIRUS ET L\u2019AVENIR DU VIVRE-ENSEMBLE : \u00c9TENDRE LES SERVICES DE BASE, RENFORCER LA D\u00c9MOCRATIE !\" srcset=\"https:\/\/wirtschaftsdemokratie.ch\/wp-content\/uploads\/sites\/76\/2020\/04\/corona_symbolbild.jpg 655w, https:\/\/wirtschaftsdemokratie.ch\/wp-content\/uploads\/sites\/76\/2020\/04\/corona_symbolbild-300x169.jpg 300w\" sizes=\"auto, (max-width: 655px) 100vw, 655px\" \/><\/a>\n\t\t\t\n\t\t\t<div class=\"content\">\n\t\t\t\t<h3><a href=\"https:\/\/wirtschaftsdemokratie.ch\/fr\/le-coronavirus-et-lavenir-du-vivre-ensemble-etendre-les-services-de-base-renforcer-la-democratie\/\" rel=\"bookmark\" alt=\"LE CORONAVIRUS ET L\u2019AVENIR DU VIVRE-ENSEMBLE : \u00c9TENDRE LES SERVICES DE BASE, RENFORCER LA D\u00c9MOCRATIE !\">LE CORONAVIRUS ET L\u2019AVENIR DU VIVRE-ENSEMBLE : \u00c9TENDRE LES SERVICES DE BASE, RENFORCER LA D\u00c9MOCRATIE !<\/a><\/h3>\n\t\t\t\t<span class=\"meta\">\n\t\t\t\t\t28 avril 2020\t\t\t\t<\/span>\n\t\t\t\t<p>&nbsp; Le coronavirus nous affecte tous, des banquiers aux infirmi\u00e8res, en passant par les coiffeurs. Et pourtant, le virus nous r\u00e9v\u00e8le des in\u00e9galit\u00e9s sociales et de graves lacunes dans notre syst\u00e8me \u00e9conomique. Bien que la vie sociale de tous les individus ait subi de s\u00e9v\u00e8res restrictions et que beaucoup d\u2019entre nous travaillent \u00e0 domicile, les &hellip; <a href=\"https:\/\/wirtschaftsdemokratie.ch\/fr\/le-coronavirus-et-lavenir-du-vivre-ensemble-etendre-les-services-de-base-renforcer-la-democratie\/\" title=\"LE CORONAVIRUS ET L\u2019AVENIR DU VIVRE-ENSEMBLE : \u00c9TENDRE LES SERVICES DE BASE, RENFORCER LA D\u00c9MOCRATIE !\" class=\"read-more\">Lire la suite<\/a><\/p>\n\t\t\t<\/div>\n\t\t\t<\/div>\n\t\t<\/article>\n\n\t\t\t\t\t\t\n\t\t<article class=\"small post-658 post type-post status-publish format-standard has-post-thumbnail hentry category-non-classifiee\">\n\t\t\t<div class=\"inside\">\n\t\t\t\t\t\t\n\t\t\t\t<a href=\"https:\/\/wirtschaftsdemokratie.ch\/fr\/introduction-de-comites-dethique-dans-les-entreprises-controlees-par-la-confederation\/\" rel=\"bookmark\" class=\"post-thumb\"><img loading=\"lazy\" decoding=\"async\" width=\"320\" height=\"320\" src=\"https:\/\/wirtschaftsdemokratie.ch\/wp-content\/uploads\/sites\/76\/2020\/04\/bendahan_samue-e1587458838463.jpg\" class=\" wp-post-image\" alt=\"Introduction de comit\u00e9s d&rsquo;\u00e9thique dans les entreprises contr\u00f4l\u00e9es par la Conf\u00e9d\u00e9ration\" title=\"Introduction de comit\u00e9s d&rsquo;\u00e9thique dans les entreprises contr\u00f4l\u00e9es par la Conf\u00e9d\u00e9ration\" \/><\/a>\n\t\t\t\n\t\t\t<div class=\"content\">\n\t\t\t\t<h3><a href=\"https:\/\/wirtschaftsdemokratie.ch\/fr\/introduction-de-comites-dethique-dans-les-entreprises-controlees-par-la-confederation\/\" rel=\"bookmark\" alt=\"Introduction de comit\u00e9s d&rsquo;\u00e9thique dans les entreprises contr\u00f4l\u00e9es par la Conf\u00e9d\u00e9ration\">Introduction de comit\u00e9s d&rsquo;\u00e9thique dans les entreprises contr\u00f4l\u00e9es par la Conf\u00e9d\u00e9ration<\/a><\/h3>\n\t\t\t\t<span class=\"meta\">\n\t\t\t\t\t15 avril 2020\t\t\t\t<\/span>\n\t\t\t\t<p>Aujourd\u2019hui, les d\u00e9cisions prises par les entreprises sont strictement guid\u00e9es par la crainte de l\u2019actionnariat et la qu\u00eate du profit. M\u00eame les d\u00e9cisions b\u00e9n\u00e9ficiaires \u00e0 la soci\u00e9t\u00e9 sont souvent prises dans un but ultime d\u2019une maximisation du profit. Si cela peut permettre \u00e0 certaines entreprises d\u2019\u00eatre particuli\u00e8rement rentable, c\u2019est aussi d\u00e9vastateur pour la soci\u00e9t\u00e9 dans &hellip; <a href=\"https:\/\/wirtschaftsdemokratie.ch\/fr\/introduction-de-comites-dethique-dans-les-entreprises-controlees-par-la-confederation\/\" title=\"Introduction de comit\u00e9s d&rsquo;\u00e9thique dans les entreprises contr\u00f4l\u00e9es par la Conf\u00e9d\u00e9ration\" class=\"read-more\">Lire la suite<\/a><\/p>\n\t\t\t<\/div>\n\t\t\t<\/div>\n\t\t<\/article>\n\n\t\t\t\t\t\t\n\t\t<article class=\"small post-328 post type-post status-publish format-standard has-post-thumbnail hentry category-non-classifiee\">\n\t\t\t<div class=\"inside\">\n\t\t\t\t\t\t\n\t\t\t\t<a href=\"https:\/\/wirtschaftsdemokratie.ch\/fr\/democratisation-de-leconomie-et-cogestion\/\" rel=\"bookmark\" class=\"post-thumb\"><img loading=\"lazy\" decoding=\"async\" width=\"800\" height=\"449\" src=\"https:\/\/wirtschaftsdemokratie.ch\/wp-content\/uploads\/sites\/76\/2018\/03\/titre-800x449.png\" class=\" wp-post-image\" alt=\"D\u00e9mocratisation de l&rsquo;\u00e9conomie et cogestion\" title=\"D\u00e9mocratisation de l&rsquo;\u00e9conomie et cogestion\" \/><\/a>\n\t\t\t\n\t\t\t<div class=\"content\">\n\t\t\t\t<h3><a href=\"https:\/\/wirtschaftsdemokratie.ch\/fr\/democratisation-de-leconomie-et-cogestion\/\" rel=\"bookmark\" alt=\"D\u00e9mocratisation de l&rsquo;\u00e9conomie et cogestion\">D\u00e9mocratisation de l&rsquo;\u00e9conomie et cogestion<\/a><\/h3>\n\t\t\t\t<span class=\"meta\">\n\t\t\t\t\t20 mars 2018\t\t\t\t<\/span>\n\t\t\t\t<p>R\u00e9unis \u00e0 Berne les 8 et 9 mars 2018, le PS Suisse et l\u2019USS ont d\u00e9battu de la d\u00e9mocratie \u00e9conomique et de la cogestion dans le cadre d\u2019une table ronde suivie d\u2019un colloque. Lors de la r\u00e9union organis\u00e9e en soir\u00e9e, l\u2019importance d\u2019une alternative au capitalisme financier (capitalisme des march\u00e9s financiers) actuel a fait l\u2019objet de &hellip; <a href=\"https:\/\/wirtschaftsdemokratie.ch\/fr\/democratisation-de-leconomie-et-cogestion\/\" title=\"D\u00e9mocratisation de l&rsquo;\u00e9conomie et cogestion\" class=\"read-more\">Lire la suite<\/a><\/p>\n\t\t\t<\/div>\n\t\t\t<\/div>\n\t\t<\/article>\n\n\t\t\t\t\t\t\n\t\t<article class=\"small post-271 post type-post status-publish format-standard has-post-thumbnail hentry category-non-classifiee\">\n\t\t\t<div class=\"inside\">\n\t\t\t\t\t\t\n\t\t\t\t<a href=\"https:\/\/wirtschaftsdemokratie.ch\/fr\/plus-que-simplement-codecider\/\" rel=\"bookmark\" class=\"post-thumb\"><img loading=\"lazy\" decoding=\"async\" width=\"567\" height=\"393\" src=\"https:\/\/wirtschaftsdemokratie.ch\/wp-content\/uploads\/sites\/76\/2017\/03\/RD_Logo_gross.jpg\" class=\" wp-post-image\" alt=\"Plus que simplement cod\u00e9cider\" title=\"Plus que simplement cod\u00e9cider\" srcset=\"https:\/\/wirtschaftsdemokratie.ch\/wp-content\/uploads\/sites\/76\/2017\/03\/RD_Logo_gross.jpg 567w, https:\/\/wirtschaftsdemokratie.ch\/wp-content\/uploads\/sites\/76\/2017\/03\/RD_Logo_gross-300x208.jpg 300w\" sizes=\"auto, (max-width: 567px) 100vw, 567px\" \/><\/a>\n\t\t\t\n\t\t\t<div class=\"content\">\n\t\t\t\t<h3><a href=\"https:\/\/wirtschaftsdemokratie.ch\/fr\/plus-que-simplement-codecider\/\" rel=\"bookmark\" alt=\"Plus que simplement cod\u00e9cider\">Plus que simplement cod\u00e9cider<\/a><\/h3>\n\t\t\t\t<span class=\"meta\">\n\t\t\t\t\t14 mars 2017\t\t\t\t<\/span>\n\t\t\t\t<p>Quel type de soci\u00e9t\u00e9 veut-on? Bas\u00e9e sur la maximisation du profit ou le principe de la solidarit\u00e9? Le congr\u00e8s \u00ab Reclaim Democracy \u00bb a livr\u00e9 des pistes de r\u00e9flexion pour l\u2019extension de pratiques d\u00e9mocratiques dans des espaces d\u2019o\u00f9 elles sont g\u00e9n\u00e9ralement exclues : \u00e9cole, m\u00e9dias et lieux de travail. La d\u00e9mocratisation des structures de propri\u00e9t\u00e9 &hellip; <a href=\"https:\/\/wirtschaftsdemokratie.ch\/fr\/plus-que-simplement-codecider\/\" title=\"Plus que simplement cod\u00e9cider\" class=\"read-more\">Lire la suite<\/a><\/p>\n\t\t\t<\/div>\n\t\t\t<\/div>\n\t\t<\/article>\n\n\t\t\t\t\t\t\n\t\t<article class=\"small post-152 post type-post status-publish format-standard has-post-thumbnail hentry category-non-classifiee\">\n\t\t\t<div class=\"inside\">\n\t\t\t\t\t\t\n\t\t\t\t<a href=\"https:\/\/wirtschaftsdemokratie.ch\/fr\/editorial-de-christian-levrat\/\" rel=\"bookmark\" class=\"post-thumb\"><img loading=\"lazy\" decoding=\"async\" width=\"800\" height=\"600\" src=\"https:\/\/wirtschaftsdemokratie.ch\/wp-content\/uploads\/sites\/76\/2016\/08\/LEVRAT0315_11-800x600.jpg\" class=\" wp-post-image\" alt=\"\u00c9ditorial de Christian Levrat\" title=\"\u00c9ditorial de Christian Levrat\" \/><\/a>\n\t\t\t\n\t\t\t<div class=\"content\">\n\t\t\t\t<h3><a href=\"https:\/\/wirtschaftsdemokratie.ch\/fr\/editorial-de-christian-levrat\/\" rel=\"bookmark\" alt=\"\u00c9ditorial de Christian Levrat\">\u00c9ditorial de Christian Levrat<\/a><\/h3>\n\t\t\t\t<span class=\"meta\">\n\t\t\t\t\t20 d\u00e9cembre 2016\t\t\t\t<\/span>\n\t\t\t\t<p>Lors du Congr\u00e8s des 3 et 4 d\u00e9cembre 2016 \u00e0 Thoune, apr\u00e8s plusieurs semaines de battage m\u00e9diatique et apr\u00e8s un d\u00e9bat riche et circonstanci\u00e9 lors du Congr\u00e8s, nous avons d\u00e9cid\u00e9 \u00e0 une large majorit\u00e9 de poursuivre sur la voie que nous nous sommes trac\u00e9e avec notre pro-gramme de parti de 2010. Notre vision est et &hellip; <a href=\"https:\/\/wirtschaftsdemokratie.ch\/fr\/editorial-de-christian-levrat\/\" title=\"\u00c9ditorial de Christian Levrat\" class=\"read-more\">Lire la suite<\/a><\/p>\n\t\t\t<\/div>\n\t\t\t<\/div>\n\t\t<\/article>\n\n\t\t\t\t\t\t\n\t\t<article class=\"small post-91 post type-post status-publish format-standard has-post-thumbnail hentry category-non-classifiee\">\n\t\t\t<div class=\"inside\">\n\t\t\t\t\t\t\n\t\t\t\t<a href=\"https:\/\/wirtschaftsdemokratie.ch\/fr\/das-prinzip-mitsprache\/\" rel=\"bookmark\" class=\"post-thumb\"><img loading=\"lazy\" decoding=\"async\" width=\"800\" height=\"600\" src=\"https:\/\/wirtschaftsdemokratie.ch\/wp-content\/uploads\/sites\/76\/2016\/08\/nw-800x600.jpg\" class=\" wp-post-image\" alt=\"Das Prinzip Mitsprache\" title=\"Das Prinzip Mitsprache\" \/><\/a>\n\t\t\t\n\t\t\t<div class=\"content\">\n\t\t\t\t<h3><a href=\"https:\/\/wirtschaftsdemokratie.ch\/fr\/das-prinzip-mitsprache\/\" rel=\"bookmark\" alt=\"Das Prinzip Mitsprache\">Das Prinzip Mitsprache<\/a><\/h3>\n\t\t\t\t<span class=\"meta\">\n\t\t\t\t\t10 ao\u00fbt 2016\t\t\t\t<\/span>\n\t\t\t\t<p>Neue Wege-Ge\u00adspr\u00e4ch von L\u00e9a Bur\u00adger mit Bar\u00adbara Gysi und C\u00e9d\u00adric Wer\u00admuth. Erschienen in Neue Wege\u00a0Nr 7\/8 2016. De\u00admo\u00adkra\u00adti\u00adsie\u00adrung un\u00adse\u00adrer Wirt\u00adschaft \u2013 und der Ge\u00adsell\u00adschaft Eine Stand\u00adort\u00adbes\u00adtin\u00adnung so\u00adzi\u00adal\u00adde\u00admo\u00adkra\u00adti\u00adscher Pra\u00adxis sechs Jahre nach der Ver\u00adab\u00adschie\u00addung des SP-Par\u00adtei\u00adpro\u00adgramms und Er\u00adin\u00adne\u00adrun\u00adgen an Willy Spie\u00adlers Wir\u00adken Die Schweiz de\u00adfi\u00adniert sich oft \u00fcber das Prin\u00adzip der De\u00admo\u00adkra\u00adtie. Das gilt vor allem &hellip; <a href=\"https:\/\/wirtschaftsdemokratie.ch\/fr\/das-prinzip-mitsprache\/\" title=\"Das Prinzip Mitsprache\" class=\"read-more\">Lire la suite<\/a><\/p>\n\t\t\t<\/div>\n\t\t\t<\/div>\n\t\t<\/article>\n\n\t\t\t\t\t\t\n\t\t<article class=\"small post-83 post type-post status-publish format-standard has-post-thumbnail hentry category-non-classifiee\">\n\t\t\t<div class=\"inside\">\n\t\t\t\t\t\t\n\t\t\t\t<a href=\"https:\/\/wirtschaftsdemokratie.ch\/fr\/mais-pourquoi-la-democratie-sarreterait-elle-aux-portes-des-entreprises\/\" rel=\"bookmark\" class=\"post-thumb\"><img loading=\"lazy\" decoding=\"async\" width=\"800\" height=\"600\" src=\"https:\/\/wirtschaftsdemokratie.ch\/wp-content\/uploads\/sites\/76\/2015\/03\/Jean-Christophe-Schwaab-800x600.jpg\" class=\" wp-post-image\" alt=\"Mais pourquoi la d\u00e9mocratie s\u2019arr\u00eaterait-elle aux portes des entreprises\u00a0?\" title=\"Mais pourquoi la d\u00e9mocratie s\u2019arr\u00eaterait-elle aux portes des entreprises\u00a0?\" \/><\/a>\n\t\t\t\n\t\t\t<div class=\"content\">\n\t\t\t\t<h3><a href=\"https:\/\/wirtschaftsdemokratie.ch\/fr\/mais-pourquoi-la-democratie-sarreterait-elle-aux-portes-des-entreprises\/\" rel=\"bookmark\" alt=\"Mais pourquoi la d\u00e9mocratie s\u2019arr\u00eaterait-elle aux portes des entreprises\u00a0?\">Mais pourquoi la d\u00e9mocratie s\u2019arr\u00eaterait-elle aux portes des entreprises\u00a0?<\/a><\/h3>\n\t\t\t\t<span class=\"meta\">\n\t\t\t\t\t5 mars 2015\t\t\t\t<\/span>\n\t\t\t\t<p>Texte paru dans l\u2019\u00e9dition de f\u00e9vrier 2015 de\u00a0socialistes.ch, journal du PSS La Suisse est le pays de la d\u00e9mocratie. Certes, notre d\u00e9mocratie n\u2019est pas sans d\u00e9fauts, mais elle fonctionne. Pourtant, il est un domaine tr\u00e8s important qui lui \u00e9chappe totalement, alors qu\u2019il concerne chacune et chacun\u00a0: le monde du travail. Dans les entreprises en effet, &hellip; <a href=\"https:\/\/wirtschaftsdemokratie.ch\/fr\/mais-pourquoi-la-democratie-sarreterait-elle-aux-portes-des-entreprises\/\" title=\"Mais pourquoi la d\u00e9mocratie s\u2019arr\u00eaterait-elle aux portes des entreprises\u00a0?\" class=\"read-more\">Lire la suite<\/a><\/p>\n\t\t\t<\/div>\n\t\t\t<\/div>\n\t\t<\/article>\n\n\t\t\t\t\t\t\t\t\t\t<\/div><!-- .blog -->\n\t\t\t\t<\/div>\t\t\t\t\n<\/div><\/div><\/div>","protected":false},"excerpt":{"rendered":"<p>Nouvelles LE CORONAVIRUS ET L\u2019AVENIR DU VIVRE-ENSEMBLE : \u00c9TENDRE LES SERVICES DE BASE, RENFORCER LA D\u00c9MOCRATIE ! 28 avril 2020 &nbsp; Le coronavirus nous affecte tous, des banquiers aux infirmi\u00e8res, en passant par les coiffeurs. Et pourtant, le virus nous r\u00e9v\u00e8le des in\u00e9galit\u00e9s sociales et de graves lacunes dans notre syst\u00e8me \u00e9conomique. Bien que la &hellip; <a href=\"https:\/\/wirtschaftsdemokratie.ch\/fr\/nouvelles\/\" title=\"Nouvelles\" class=\"read-more\">Lire la suite<\/a><\/p>\n","protected":false},"author":68,"featured_media":0,"parent":0,"menu_order":0,"comment_status":"closed","ping_status":"closed","template":"","meta":{"footnotes":""},"class_list":["post-94","page","type-page","status-publish","hentry"],"yoast_head":"<!-- This site is optimized with the Yoast SEO plugin v27.5 - https:\/\/yoast.com\/product\/yoast-seo-wordpress\/ -->\n<title>Nouvelles - d\u00e9mocratie \u00e9conomique<\/title>\n<meta name=\"robots\" content=\"index, follow, max-snippet:-1, max-image-preview:large, max-video-preview:-1\" \/>\n<link rel=\"canonical\" href=\"https:\/\/wirtschaftsdemokratie.ch\/fr\/nouvelles\/\" \/>\n<meta property=\"og:locale\" content=\"fr_FR\" \/>\n<meta property=\"og:type\" content=\"article\" \/>\n<meta property=\"og:title\" content=\"Nouvelles - d\u00e9mocratie \u00e9conomique\" \/>\n<meta property=\"og:description\" content=\"Nouvelles LE CORONAVIRUS ET L\u2019AVENIR DU VIVRE-ENSEMBLE : \u00c9TENDRE LES SERVICES DE BASE, RENFORCER LA D\u00c9MOCRATIE ! 28 avril 2020 &nbsp; Le coronavirus nous affecte tous, des banquiers aux infirmi\u00e8res, en passant par les coiffeurs. Et pourtant, le virus nous r\u00e9v\u00e8le des in\u00e9galit\u00e9s sociales et de graves lacunes dans notre syst\u00e8me \u00e9conomique. Bien que la [&hellip;]\" \/>\n<meta property=\"og:url\" content=\"https:\/\/wirtschaftsdemokratie.ch\/fr\/nouvelles\/\" \/>\n<meta property=\"og:site_name\" content=\"d\u00e9mocratie \u00e9conomique\" \/>\n<meta property=\"article:modified_time\" content=\"2020-05-08T05:42:17+00:00\" \/>\n<meta name=\"twitter:card\" content=\"summary_large_image\" \/>\n<script type=\"application\/ld+json\" class=\"yoast-schema-graph\">{\"@context\":\"https:\\\/\\\/schema.org\",\"@graph\":[{\"@type\":\"WebPage\",\"@id\":\"https:\\\/\\\/wirtschaftsdemokratie.ch\\\/fr\\\/nouvelles\\\/\",\"url\":\"https:\\\/\\\/wirtschaftsdemokratie.ch\\\/fr\\\/nouvelles\\\/\",\"name\":\"Nouvelles - d\u00e9mocratie \u00e9conomique\",\"isPartOf\":{\"@id\":\"https:\\\/\\\/wirtschaftsdemokratie.ch\\\/fr\\\/#website\"},\"datePublished\":\"2016-08-10T14:26:49+00:00\",\"dateModified\":\"2020-05-08T05:42:17+00:00\",\"breadcrumb\":{\"@id\":\"https:\\\/\\\/wirtschaftsdemokratie.ch\\\/fr\\\/nouvelles\\\/#breadcrumb\"},\"inLanguage\":\"fr-FR\",\"potentialAction\":[{\"@type\":\"ReadAction\",\"target\":[\"https:\\\/\\\/wirtschaftsdemokratie.ch\\\/fr\\\/nouvelles\\\/\"]}]},{\"@type\":\"BreadcrumbList\",\"@id\":\"https:\\\/\\\/wirtschaftsdemokratie.ch\\\/fr\\\/nouvelles\\\/#breadcrumb\",\"itemListElement\":[{\"@type\":\"ListItem\",\"position\":1,\"name\":\"Startseite\",\"item\":\"https:\\\/\\\/wirtschaftsdemokratie.ch\\\/fr\\\/\"},{\"@type\":\"ListItem\",\"position\":2,\"name\":\"Nouvelles\"}]},{\"@type\":\"WebSite\",\"@id\":\"https:\\\/\\\/wirtschaftsdemokratie.ch\\\/fr\\\/#website\",\"url\":\"https:\\\/\\\/wirtschaftsdemokratie.ch\\\/fr\\\/\",\"name\":\"d\u00e9mocratie \u00e9conomique\",\"description\":\"\",\"potentialAction\":[{\"@type\":\"SearchAction\",\"target\":{\"@type\":\"EntryPoint\",\"urlTemplate\":\"https:\\\/\\\/wirtschaftsdemokratie.ch\\\/fr\\\/?s={search_term_string}\"},\"query-input\":{\"@type\":\"PropertyValueSpecification\",\"valueRequired\":true,\"valueName\":\"search_term_string\"}}],\"inLanguage\":\"fr-FR\"}]}<\/script>\n<!-- \/ Yoast SEO plugin. -->","yoast_head_json":{"title":"Nouvelles - d\u00e9mocratie \u00e9conomique","robots":{"index":"index","follow":"follow","max-snippet":"max-snippet:-1","max-image-preview":"max-image-preview:large","max-video-preview":"max-video-preview:-1"},"canonical":"https:\/\/wirtschaftsdemokratie.ch\/fr\/nouvelles\/","og_locale":"fr_FR","og_type":"article","og_title":"Nouvelles - d\u00e9mocratie \u00e9conomique","og_description":"Nouvelles LE CORONAVIRUS ET L\u2019AVENIR DU VIVRE-ENSEMBLE : \u00c9TENDRE LES SERVICES DE BASE, RENFORCER LA D\u00c9MOCRATIE ! 28 avril 2020 &nbsp; Le coronavirus nous affecte tous, des banquiers aux infirmi\u00e8res, en passant par les coiffeurs. Et pourtant, le virus nous r\u00e9v\u00e8le des in\u00e9galit\u00e9s sociales et de graves lacunes dans notre syst\u00e8me \u00e9conomique. Bien que la [&hellip;]","og_url":"https:\/\/wirtschaftsdemokratie.ch\/fr\/nouvelles\/","og_site_name":"d\u00e9mocratie \u00e9conomique","article_modified_time":"2020-05-08T05:42:17+00:00","twitter_card":"summary_large_image","schema":{"@context":"https:\/\/schema.org","@graph":[{"@type":"WebPage","@id":"https:\/\/wirtschaftsdemokratie.ch\/fr\/nouvelles\/","url":"https:\/\/wirtschaftsdemokratie.ch\/fr\/nouvelles\/","name":"Nouvelles - d\u00e9mocratie \u00e9conomique","isPartOf":{"@id":"https:\/\/wirtschaftsdemokratie.ch\/fr\/#website"},"datePublished":"2016-08-10T14:26:49+00:00","dateModified":"2020-05-08T05:42:17+00:00","breadcrumb":{"@id":"https:\/\/wirtschaftsdemokratie.ch\/fr\/nouvelles\/#breadcrumb"},"inLanguage":"fr-FR","potentialAction":[{"@type":"ReadAction","target":["https:\/\/wirtschaftsdemokratie.ch\/fr\/nouvelles\/"]}]},{"@type":"BreadcrumbList","@id":"https:\/\/wirtschaftsdemokratie.ch\/fr\/nouvelles\/#breadcrumb","itemListElement":[{"@type":"ListItem","position":1,"name":"Startseite","item":"https:\/\/wirtschaftsdemokratie.ch\/fr\/"},{"@type":"ListItem","position":2,"name":"Nouvelles"}]},{"@type":"WebSite","@id":"https:\/\/wirtschaftsdemokratie.ch\/fr\/#website","url":"https:\/\/wirtschaftsdemokratie.ch\/fr\/","name":"d\u00e9mocratie \u00e9conomique","description":"","potentialAction":[{"@type":"SearchAction","target":{"@type":"EntryPoint","urlTemplate":"https:\/\/wirtschaftsdemokratie.ch\/fr\/?s={search_term_string}"},"query-input":{"@type":"PropertyValueSpecification","valueRequired":true,"valueName":"search_term_string"}}],"inLanguage":"fr-FR"}]}},"_links":{"self":[{"href":"https:\/\/wirtschaftsdemokratie.ch\/fr\/wp-json\/wp\/v2\/pages\/94","targetHints":{"allow":["GET"]}}],"collection":[{"href":"https:\/\/wirtschaftsdemokratie.ch\/fr\/wp-json\/wp\/v2\/pages"}],"about":[{"href":"https:\/\/wirtschaftsdemokratie.ch\/fr\/wp-json\/wp\/v2\/types\/page"}],"author":[{"embeddable":true,"href":"https:\/\/wirtschaftsdemokratie.ch\/fr\/wp-json\/wp\/v2\/users\/68"}],"replies":[{"embeddable":true,"href":"https:\/\/wirtschaftsdemokratie.ch\/fr\/wp-json\/wp\/v2\/comments?post=94"}],"version-history":[{"count":5,"href":"https:\/\/wirtschaftsdemokratie.ch\/fr\/wp-json\/wp\/v2\/pages\/94\/revisions"}],"predecessor-version":[{"id":731,"href":"https:\/\/wirtschaftsdemokratie.ch\/fr\/wp-json\/wp\/v2\/pages\/94\/revisions\/731"}],"wp:attachment":[{"href":"https:\/\/wirtschaftsdemokratie.ch\/fr\/wp-json\/wp\/v2\/media?parent=94"}],"curies":[{"name":"wp","href":"https:\/\/api.w.org\/{rel}","templated":true}]}}