{"id":105,"date":"2016-08-10T19:22:17","date_gmt":"2016-08-10T17:22:17","guid":{"rendered":"https:\/\/wirtschaftsdemokratie.ch\/fr\/?page_id=105"},"modified":"2020-05-08T07:46:26","modified_gmt":"2020-05-08T05:46:26","slug":"en-savoir-plus","status":"publish","type":"page","link":"https:\/\/wirtschaftsdemokratie.ch\/fr\/en-savoir-plus\/","title":{"rendered":"En savoir plus"},"content":{"rendered":"<div id=\"pl-105\"  class=\"panel-layout\" ><div id=\"pg-105-0\"  class=\"panel-grid panel-no-style\" ><div id=\"pgc-105-0-0\"  class=\"panel-grid-cell panel-grid-cell-empty\" ><\/div><div id=\"pgc-105-0-1\"  class=\"panel-grid-cell panel-grid-cell-mobile-last\" ><div id=\"panel-105-0-1-0\" class=\"so-panel widget widget_sow-headline panel-first-child\" data-index=\"0\" ><div class=\"panel-widget-style panel-widget-style-for-105-0-1-0\" ><div\n\t\t\t\n\t\t\tclass=\"so-widget-sow-headline so-widget-sow-headline-default-ea0af4cf39ae-105\"\n\t\t\t\n\t\t><div class=\"sow-headline-container \">\n\t\t\t\t\t\t\t<h1 class=\"sow-headline\">\n\t\t\t\t\t\tEn savoir plus\t\t\t\t\t\t<\/h1>\n\t\t\t\t\t\t\t\t\t\t\t<div class=\"decoration\">\n\t\t\t\t\t\t<div class=\"decoration-inside\"><\/div>\n\t\t\t\t\t<\/div>\n\t\t\t\t\t<\/div>\n<\/div><\/div><\/div><div id=\"panel-105-0-1-1\" class=\"so-panel widget widget_sow-editor panel-last-child\" data-index=\"1\" ><div\n\t\t\t\n\t\t\tclass=\"so-widget-sow-editor so-widget-sow-editor-base\"\n\t\t\t\n\t\t>\n<div class=\"siteorigin-widget-tinymce textwidget\">\n\t<div class=\"field field-name-field-documents field-type-file field-label-hidden\">\n<div class=\"field-items\">\n<h3>papiers<\/h3>\n<ul>\n<li class=\"field-item even\"><span class=\"file\"><a title=\"sp-wirtschaftsbroschuere.pdf\" href=\"http:\/\/www.sp-ps.ch\/sites\/default\/files\/documents\/sp-wirtschaftsbroschuere.pdf\">Brosch\u00fcre \u00abWirtschaftsdemokratie \u2013 eine konkrete Utopie mit Zukunft?\u00bb als PDF<\/a><\/span><\/li>\n<li class=\"field-item odd\"><span class=\"file\"><a title=\"sp-wirtschaftsbroschuere_anhang.pdf\" href=\"http:\/\/www.sp-ps.ch\/sites\/default\/files\/documents\/sp-wirtschaftsbroschuere_anhang.pdf\">Anhang zur Brosch\u00fcre als PDF<\/a><\/span><\/li>\n<li class=\"field-item even\"><span class=\"file\"><a title=\"systematisierung_wirtschaftsdemokratie.pdf\" href=\"http:\/\/www.sp-ps.ch\/sites\/default\/files\/documents\/systematisierung_wirtschaftsdemokratie.pdf\">Systematisierung Wirtschaftsdemokratie<\/a><\/span><\/li>\n<li class=\"field-item odd\"><span class=\"file\"><a title=\"wirtschaftsdemokratie_wagen.pdf\" href=\"http:\/\/www.sp-ps.ch\/sites\/default\/files\/documents\/wirtschaftsdemokratie_wagen.pdf\">\u00abWirtschaftsdemokratie wagen\u00bb von Christian Levrat im \u00abSchweizer Monat\u00bb als PDF\u00a0<\/a><\/span><\/li>\n<li class=\"field-item even\"><span class=\"file\"><a title=\"150227_socialiste_chhp_000000_4_01_0.pdf\" href=\"http:\/\/www.sp-ps.ch\/sites\/default\/files\/documents\/150227_socialiste_chhp_000000_4_01_0_0.pdf\">Article \u00absocialiste\u00bb<\/a><\/span><\/li>\n<li class=\"field-item even\"><a href=\"http:\/\/www.sp-ps.ch\/sites\/default\/files\/documents\/sp-parteiprogramm_definitiv-de_0.pdf\">Programme du Parti (2010) en PDF<\/a><\/li>\n<\/ul>\n<\/div>\n<\/div>\n<div class=\"field field-name-field-links field-type-link-field field-label-hidden\"><\/div>\n<\/div>\n<\/div><\/div><\/div><div id=\"pgc-105-0-2\"  class=\"panel-grid-cell panel-grid-cell-empty\" ><\/div><\/div><\/div>","protected":false},"excerpt":{"rendered":"<p>papiers Brosch\u00fcre \u00abWirtschaftsdemokratie \u2013 eine konkrete Utopie mit Zukunft?\u00bb als PDF Anhang zur Brosch\u00fcre als PDF Systematisierung Wirtschaftsdemokratie \u00abWirtschaftsdemokratie wagen\u00bb von Christian Levrat im \u00abSchweizer Monat\u00bb als PDF\u00a0 Article \u00absocialiste\u00bb Programme du Parti (2010) en PDF<\/p>\n","protected":false},"author":68,"featured_media":0,"parent":0,"menu_order":0,"comment_status":"closed","ping_status":"closed","template":"","meta":{"footnotes":""},"class_list":["post-105","page","type-page","status-publish","hentry"],"yoast_head":"<!-- This site is optimized with the Yoast SEO plugin v27.4 - https:\/\/yoast.com\/product\/yoast-seo-wordpress\/ -->\n<title>En savoir plus - d\u00e9mocratie \u00e9conomique<\/title>\n<meta name=\"robots\" content=\"index, follow, max-snippet:-1, max-image-preview:large, max-video-preview:-1\" \/>\n<link rel=\"canonical\" href=\"https:\/\/wirtschaftsdemokratie.ch\/fr\/en-savoir-plus\/\" \/>\n<meta property=\"og:locale\" content=\"fr_FR\" \/>\n<meta property=\"og:type\" content=\"article\" \/>\n<meta property=\"og:title\" content=\"En savoir plus - d\u00e9mocratie \u00e9conomique\" \/>\n<meta property=\"og:description\" content=\"papiers Brosch\u00fcre \u00abWirtschaftsdemokratie \u2013 eine konkrete Utopie mit Zukunft?\u00bb als PDF Anhang zur Brosch\u00fcre als PDF Systematisierung Wirtschaftsdemokratie \u00abWirtschaftsdemokratie wagen\u00bb von Christian Levrat im \u00abSchweizer Monat\u00bb als PDF\u00a0 Article \u00absocialiste\u00bb Programme du Parti (2010) en PDF\" \/>\n<meta property=\"og:url\" content=\"https:\/\/wirtschaftsdemokratie.ch\/fr\/en-savoir-plus\/\" \/>\n<meta property=\"og:site_name\" content=\"d\u00e9mocratie \u00e9conomique\" \/>\n<meta property=\"article:modified_time\" content=\"2020-05-08T05:46:26+00:00\" \/>\n<meta name=\"twitter:card\" content=\"summary_large_image\" \/>\n<script type=\"application\/ld+json\" class=\"yoast-schema-graph\">{\"@context\":\"https:\\\/\\\/schema.org\",\"@graph\":[{\"@type\":\"WebPage\",\"@id\":\"https:\\\/\\\/wirtschaftsdemokratie.ch\\\/fr\\\/en-savoir-plus\\\/\",\"url\":\"https:\\\/\\\/wirtschaftsdemokratie.ch\\\/fr\\\/en-savoir-plus\\\/\",\"name\":\"En savoir plus - d\u00e9mocratie \u00e9conomique\",\"isPartOf\":{\"@id\":\"https:\\\/\\\/wirtschaftsdemokratie.ch\\\/fr\\\/#website\"},\"datePublished\":\"2016-08-10T17:22:17+00:00\",\"dateModified\":\"2020-05-08T05:46:26+00:00\",\"breadcrumb\":{\"@id\":\"https:\\\/\\\/wirtschaftsdemokratie.ch\\\/fr\\\/en-savoir-plus\\\/#breadcrumb\"},\"inLanguage\":\"fr-FR\",\"potentialAction\":[{\"@type\":\"ReadAction\",\"target\":[\"https:\\\/\\\/wirtschaftsdemokratie.ch\\\/fr\\\/en-savoir-plus\\\/\"]}]},{\"@type\":\"BreadcrumbList\",\"@id\":\"https:\\\/\\\/wirtschaftsdemokratie.ch\\\/fr\\\/en-savoir-plus\\\/#breadcrumb\",\"itemListElement\":[{\"@type\":\"ListItem\",\"position\":1,\"name\":\"Startseite\",\"item\":\"https:\\\/\\\/wirtschaftsdemokratie.ch\\\/fr\\\/\"},{\"@type\":\"ListItem\",\"position\":2,\"name\":\"En savoir plus\"}]},{\"@type\":\"WebSite\",\"@id\":\"https:\\\/\\\/wirtschaftsdemokratie.ch\\\/fr\\\/#website\",\"url\":\"https:\\\/\\\/wirtschaftsdemokratie.ch\\\/fr\\\/\",\"name\":\"d\u00e9mocratie \u00e9conomique\",\"description\":\"\",\"potentialAction\":[{\"@type\":\"SearchAction\",\"target\":{\"@type\":\"EntryPoint\",\"urlTemplate\":\"https:\\\/\\\/wirtschaftsdemokratie.ch\\\/fr\\\/?s={search_term_string}\"},\"query-input\":{\"@type\":\"PropertyValueSpecification\",\"valueRequired\":true,\"valueName\":\"search_term_string\"}}],\"inLanguage\":\"fr-FR\"}]}<\/script>\n<!-- \/ Yoast SEO plugin. -->","yoast_head_json":{"title":"En savoir plus - d\u00e9mocratie \u00e9conomique","robots":{"index":"index","follow":"follow","max-snippet":"max-snippet:-1","max-image-preview":"max-image-preview:large","max-video-preview":"max-video-preview:-1"},"canonical":"https:\/\/wirtschaftsdemokratie.ch\/fr\/en-savoir-plus\/","og_locale":"fr_FR","og_type":"article","og_title":"En savoir plus - d\u00e9mocratie \u00e9conomique","og_description":"papiers Brosch\u00fcre \u00abWirtschaftsdemokratie \u2013 eine konkrete Utopie mit Zukunft?\u00bb als PDF Anhang zur Brosch\u00fcre als PDF Systematisierung Wirtschaftsdemokratie \u00abWirtschaftsdemokratie wagen\u00bb von Christian Levrat im \u00abSchweizer Monat\u00bb als PDF\u00a0 Article \u00absocialiste\u00bb Programme du Parti (2010) en PDF","og_url":"https:\/\/wirtschaftsdemokratie.ch\/fr\/en-savoir-plus\/","og_site_name":"d\u00e9mocratie \u00e9conomique","article_modified_time":"2020-05-08T05:46:26+00:00","twitter_card":"summary_large_image","schema":{"@context":"https:\/\/schema.org","@graph":[{"@type":"WebPage","@id":"https:\/\/wirtschaftsdemokratie.ch\/fr\/en-savoir-plus\/","url":"https:\/\/wirtschaftsdemokratie.ch\/fr\/en-savoir-plus\/","name":"En savoir plus - d\u00e9mocratie \u00e9conomique","isPartOf":{"@id":"https:\/\/wirtschaftsdemokratie.ch\/fr\/#website"},"datePublished":"2016-08-10T17:22:17+00:00","dateModified":"2020-05-08T05:46:26+00:00","breadcrumb":{"@id":"https:\/\/wirtschaftsdemokratie.ch\/fr\/en-savoir-plus\/#breadcrumb"},"inLanguage":"fr-FR","potentialAction":[{"@type":"ReadAction","target":["https:\/\/wirtschaftsdemokratie.ch\/fr\/en-savoir-plus\/"]}]},{"@type":"BreadcrumbList","@id":"https:\/\/wirtschaftsdemokratie.ch\/fr\/en-savoir-plus\/#breadcrumb","itemListElement":[{"@type":"ListItem","position":1,"name":"Startseite","item":"https:\/\/wirtschaftsdemokratie.ch\/fr\/"},{"@type":"ListItem","position":2,"name":"En savoir plus"}]},{"@type":"WebSite","@id":"https:\/\/wirtschaftsdemokratie.ch\/fr\/#website","url":"https:\/\/wirtschaftsdemokratie.ch\/fr\/","name":"d\u00e9mocratie \u00e9conomique","description":"","potentialAction":[{"@type":"SearchAction","target":{"@type":"EntryPoint","urlTemplate":"https:\/\/wirtschaftsdemokratie.ch\/fr\/?s={search_term_string}"},"query-input":{"@type":"PropertyValueSpecification","valueRequired":true,"valueName":"search_term_string"}}],"inLanguage":"fr-FR"}]}},"_links":{"self":[{"href":"https:\/\/wirtschaftsdemokratie.ch\/fr\/wp-json\/wp\/v2\/pages\/105","targetHints":{"allow":["GET"]}}],"collection":[{"href":"https:\/\/wirtschaftsdemokratie.ch\/fr\/wp-json\/wp\/v2\/pages"}],"about":[{"href":"https:\/\/wirtschaftsdemokratie.ch\/fr\/wp-json\/wp\/v2\/types\/page"}],"author":[{"embeddable":true,"href":"https:\/\/wirtschaftsdemokratie.ch\/fr\/wp-json\/wp\/v2\/users\/68"}],"replies":[{"embeddable":true,"href":"https:\/\/wirtschaftsdemokratie.ch\/fr\/wp-json\/wp\/v2\/comments?post=105"}],"version-history":[{"count":4,"href":"https:\/\/wirtschaftsdemokratie.ch\/fr\/wp-json\/wp\/v2\/pages\/105\/revisions"}],"predecessor-version":[{"id":733,"href":"https:\/\/wirtschaftsdemokratie.ch\/fr\/wp-json\/wp\/v2\/pages\/105\/revisions\/733"}],"wp:attachment":[{"href":"https:\/\/wirtschaftsdemokratie.ch\/fr\/wp-json\/wp\/v2\/media?parent=105"}],"curies":[{"name":"wp","href":"https:\/\/api.w.org\/{rel}","templated":true}]}}